{"id":296,"date":"2013-07-18T13:19:30","date_gmt":"2013-07-18T13:19:30","guid":{"rendered":"http:\/\/www.bodyemotion.ch\/?page_id=296"},"modified":"2015-08-11T07:42:35","modified_gmt":"2015-08-11T07:42:35","slug":"massage-ausbildung","status":"publish","type":"page","link":"https:\/\/www.bodyemotion.ch\/?page_id=296","title":{"rendered":"Massage: Ausbildung"},"content":{"rendered":"<div class=\"one-fourth first\">\n<a href=\".\/?page_id=20\"><img loading=\"lazy\" decoding=\"async\" class=\"alignnone size-full wp-image-265\" alt=\"Massage Page\" src=\"http:\/\/www.bodyemotion.ch\/wordpress_1\/wp-content\/uploads\/massage-h1.jpg\" width=\"327\" height=\"266\" srcset=\"https:\/\/www.bodyemotion.ch\/wordpress_1\/wp-content\/uploads\/massage-h1.jpg 327w, https:\/\/www.bodyemotion.ch\/wordpress_1\/wp-content\/uploads\/massage-h1-300x244.jpg 300w\" sizes=\"(max-width: 327px) 100vw, 327px\" \/><\/a><br \/>\n<\/div>\n<div class=\"one-fourth\">\n<a href=\".\/?page_id=296\"><img loading=\"lazy\" decoding=\"async\" class=\"alignnone size-full wp-image-262\" alt=\"Massage: Ausbildung\" src=\"http:\/\/www.bodyemotion.ch\/wordpress_1\/wp-content\/uploads\/massage-h2.jpg\" width=\"325\" height=\"266\" srcset=\"https:\/\/www.bodyemotion.ch\/wordpress_1\/wp-content\/uploads\/massage-h2.jpg 325w, https:\/\/www.bodyemotion.ch\/wordpress_1\/wp-content\/uploads\/massage-h2-300x245.jpg 300w\" sizes=\"(max-width: 325px) 100vw, 325px\" \/><\/a><br \/>\n<\/div>\n<div class=\"one-fourth\">\n<a href=\".\/?page_id=289\"><img loading=\"lazy\" decoding=\"async\" class=\"alignnone size-full wp-image-263\" alt=\"Massage: Angebot\" src=\"http:\/\/www.bodyemotion.ch\/wordpress_1\/wp-content\/uploads\/massage-h3.jpg\" width=\"325\" height=\"266\" srcset=\"https:\/\/www.bodyemotion.ch\/wordpress_1\/wp-content\/uploads\/massage-h3.jpg 325w, https:\/\/www.bodyemotion.ch\/wordpress_1\/wp-content\/uploads\/massage-h3-300x245.jpg 300w\" sizes=\"(max-width: 325px) 100vw, 325px\" \/><\/a><br \/>\n<\/div>\n<div class=\"one-fourth\">\n<a href=\".\/?page_id=268\"><img loading=\"lazy\" decoding=\"async\" class=\"alignnone size-full wp-image-264\" alt=\"Massage: Termine und Preis\" src=\"http:\/\/www.bodyemotion.ch\/wordpress_1\/wp-content\/uploads\/massage-h4-Preise.jpg\" width=\"326\" height=\"266\" \/><\/a><br \/>\n<\/div>\n<div class=\"clear\"><\/div>\n<div id=\"round-wrapper\">\n<span id=\"content_text\"><\/p>\n<ul>\n<li>1998 Massage-Fachschule Cellsan Spreitenbach<\/li>\n<li>1999 Diplom in klassicher Massage, Konditions-und Sportmassage<\/li>\n<li>2000 Diplom f\u00fcr spezielle Massageanwendungen am R\u00fccken<\/li>\n<li>2004 Brain Gym I und II beim IKZ Institut f\u00fcr Kinesiologie Z\u00fcrich<\/li>\n<li>2004 Touch for health I-III beim IKZ<\/li>\n<\/ul>\n<p><\/span>\n<\/div>\n","protected":false},"excerpt":{"rendered":"<p>1998 Massage-Fachschule Cellsan Spreitenbach 1999 Diplom in klassicher Massage, Konditions-und Sportmassage 2000 Diplom f\u00fcr spezielle Massageanwendungen am R\u00fccken 2004 Brain Gym I und II beim IKZ Institut f\u00fcr Kinesiologie Z\u00fcrich 2004 Touch for health I-III beim IKZ<\/p>\n","protected":false},"author":2,"featured_media":0,"parent":0,"menu_order":0,"comment_status":"closed","ping_status":"closed","template":"","meta":{"ngg_post_thumbnail":0,"footnotes":""},"class_list":["post-296","page","type-page","status-publish","hentry"],"_links":{"self":[{"href":"https:\/\/www.bodyemotion.ch\/index.php?rest_route=\/wp\/v2\/pages\/296"}],"collection":[{"href":"https:\/\/www.bodyemotion.ch\/index.php?rest_route=\/wp\/v2\/pages"}],"about":[{"href":"https:\/\/www.bodyemotion.ch\/index.php?rest_route=\/wp\/v2\/types\/page"}],"author":[{"embeddable":true,"href":"https:\/\/www.bodyemotion.ch\/index.php?rest_route=\/wp\/v2\/users\/2"}],"replies":[{"embeddable":true,"href":"https:\/\/www.bodyemotion.ch\/index.php?rest_route=%2Fwp%2Fv2%2Fcomments&post=296"}],"version-history":[{"count":9,"href":"https:\/\/www.bodyemotion.ch\/index.php?rest_route=\/wp\/v2\/pages\/296\/revisions"}],"predecessor-version":[{"id":788,"href":"https:\/\/www.bodyemotion.ch\/index.php?rest_route=\/wp\/v2\/pages\/296\/revisions\/788"}],"wp:attachment":[{"href":"https:\/\/www.bodyemotion.ch\/index.php?rest_route=%2Fwp%2Fv2%2Fmedia&parent=296"}],"curies":[{"name":"wp","href":"https:\/\/api.w.org\/{rel}","templated":true}]}}