{"id":402,"date":"2013-07-18T16:46:42","date_gmt":"2013-07-18T16:46:42","guid":{"rendered":"http:\/\/www.bodyemotion.ch\/?page_id=402"},"modified":"2015-04-17T21:48:18","modified_gmt":"2015-04-17T21:48:18","slug":"dance-biografie","status":"publish","type":"page","link":"https:\/\/www.bodyemotion.ch\/?page_id=402","title":{"rendered":"Dance: Biografie"},"content":{"rendered":"<div class=\"one-fourth first\">\n<\/div>\n<div class=\"one-fourth\">\n<a id=\"nodeco\" href=\".\/?page_id=402\"><span id=\"img-title\">Biografie<\/span><\/a><br \/>\n<\/div>\n<div class=\"one-fourth\">\n<\/div>\n<div class=\"one-fourth\">\n<\/div>\n<div class=\"clear\"><\/div>\n<div class=\"one-fourth first\">\n<a href=\".\/?page_id=36\"><img loading=\"lazy\" decoding=\"async\" class=\"alignnone size-full wp-image-515\" alt=\"dance-h1-web\" src=\"http:\/\/www.bodyemotion.ch\/wordpress_1\/wp-content\/uploads\/dance-h1-web.jpg\" width=\"324\" height=\"212\" srcset=\"https:\/\/www.bodyemotion.ch\/wordpress_1\/wp-content\/uploads\/dance-h1-web.jpg 324w, https:\/\/www.bodyemotion.ch\/wordpress_1\/wp-content\/uploads\/dance-h1-web-300x196.jpg 300w\" sizes=\"(max-width: 324px) 100vw, 324px\" \/><\/a><br \/>\n<\/div>\n<div class=\"one-fourth\">\n<a href=\".\/?page_id=402\"><img loading=\"lazy\" decoding=\"async\" src=\"http:\/\/www.bodyemotion.ch\/wordpress_1\/wp-content\/uploads\/dance-h2-web.jpg\" alt=\"dance-h2-web\" width=\"326\" height=\"213\" class=\"alignnone size-full wp-image-528\" srcset=\"https:\/\/www.bodyemotion.ch\/wordpress_1\/wp-content\/uploads\/dance-h2-web.jpg 326w, https:\/\/www.bodyemotion.ch\/wordpress_1\/wp-content\/uploads\/dance-h2-web-300x196.jpg 300w\" sizes=\"(max-width: 326px) 100vw, 326px\" \/><\/a><br \/>\n<\/div>\n<div class=\"one-fourth\">\n<a id=\"nodeco\" href=\".\/?page_id=404\"><span id=\"img-title2\">Angebot<\/span><\/a><br \/>\n<a id=\"nodeco\" href=\".\/?page_id=425\"><span id=\"img-title2\">Referenzen<\/span><\/a><br \/>\n<a id=\"nodeco\" href=\".\/?page_id=414\"><span id=\"img-title2\">T\u00e4nzer\u00a0&amp;\u00a0Freunde<\/span><\/a><br \/>\n<\/div>\n<div class=\"one-fourth\">\n<\/div>\n<p><div class=\"clear\"><\/div><br \/>\n<a href=\"http:\/\/www.bodyemotion.ch\/?page_id=402\"><img loading=\"lazy\" decoding=\"async\" src=\"http:\/\/www.bodyemotion.ch\/wordpress_1\/wp-content\/uploads\/de.png\" alt=\"de\" width=\"40\" height=\"40\" class=\"alignnone size-full wp-image-696\" \/><\/a> <a href=\"http:\/\/www.bodyemotion.ch\/?page_id=694\"><img loading=\"lazy\" decoding=\"async\" src=\"http:\/\/www.bodyemotion.ch\/wordpress_1\/wp-content\/uploads\/uk.png\" alt=\"uk\" width=\"40\" height=\"40\" class=\"alignnone size-thumbnail wp-image-697\" \/><\/a><br \/>\nMeine t\u00e4nzerische Laufbahn begann vor \u00fcber 30 Jahren. Sie war nicht immer direkt, aber<br \/>\nstets aufregend und abwechslungsreich. \u00dcber Standard und Latein kam ich relativ rasch zu<br \/>\nmeiner grossen Liebe \u2013 dem Swing. Danach folgte Rock-n-Roll, Boogie Woogie, Balboa,<br \/>\nCharleston und schliesslich West Coast Swing.<\/p>\n<p>W\u00e4hrend meiner Zeit als Turniert\u00e4nzerin nahm ich unter anderem mit meinem Tanzpartner<br \/>\nReto Gurt an \u00fcber 120 Turnieren teil und wir erreichten vorwiegend Podestpl\u00e4tze. Als<br \/>\nEinzelpaar und in der Formation Crazy Darts haben wir 5 Schweizer-, 4 Europa- und 3<br \/>\nWeltmeistertitel im Boogie Woogie f\u00fcr uns verbuchen k\u00f6nnen.<\/p>\n<p>F\u00fcr besondere Verdienste im Swing durften wir 2013 den begehrten Frankie Manning Award<br \/>\nentgegennehmen.<\/p>\n<p>Nach meiner aktiven Zeit als T\u00e4nzerin konnte ich als Wertungsrichterin und Moderatorin das<br \/>\nTanzgeschehen von der anderen Seite aus verfolgen.<\/p>\n<p>In meiner Rolle als Tanzlehrerin und Coach habe ich das Privileg, seit 1991 mit \u201eSchritt-<br \/>\nSchritt-Wechselschritt\u201c um die ganze Welt reisen zu d\u00fcrfen. Von Amerika bis Russland, von<br \/>\nFinnland \u00fcber England und Spanien \u2013 aus 16 Nationen kamen Einladungen. Dabei waren<br \/>\nEvents wie das Herr\u00e4ng Dance Camp in Schweden, das Eurodance- oder das Rock that<br \/>\nSwing Festival und viele mehr. Einige der Events wurden f\u00fcr \u00fcber 20 Jahre zu einer Tradition<br \/>\nf\u00fcr mich.<\/p>\n<p>Mit meiner eigenen Firma \u201eBodyEmotion\u201c machte ich 2004 das Hobby zum Beruf und konnte<br \/>\nTanz, Coaching und Massage verbinden. Die vielen Reisen und diverse Sprachaufenthalte<br \/>\ngeben mir heute die M\u00f6glichkeit, den Unterricht meist in der jeweiligen Landessprache zu<br \/>\nf\u00fchren.<\/p>\n<p>Vor allem die Engagements in den Workshops enthielten oft Shows, bei welchen wir<br \/>\nteilweise die Sch\u00fcler vor Ort integrierten. Dabei choreografierten wir alles selbst und<br \/>\nmischten dabei verschiedene Tanzstile. Als erstes europ\u00e4isches Paar konnten Olivier<br \/>\nMassart und ich unsere Show an der Convention in Sacramento zeigen. Mit der Zeit kamen<br \/>\nAnfragen f\u00fcr Showprogramme oder Jazzroutinen. Ich begleitete und choreografierte Rock-n-<br \/>\nRoll und Boogie Formationen, Lindy Hop und Charleston Shows, Line Dance Gruppen und<br \/>\nSolo-T\u00e4nzer.<\/p>\n<p>Neben meiner T\u00e4tigkeit als Trainerin und Choreografin begann ich, Events zu organisieren<br \/>\nund konnte viele der amerikanischen Stars erstmals in die Schweiz locken. Mit top-rangierten<br \/>\nTurnierpaaren aus ganz Europa f\u00fchrte ich unter anderem in den Schweizer Bergen<br \/>\ngemeinsame Trainings durch und wir beendeten diese Wochen jeweils mit dem traditionellen<br \/>\nTurnier oder einer Show.<\/p>\n<p>Ich hatte das Vergn\u00fcgen mit vielen der Top-Shots der Szene unterrichten zu d\u00fcrfen. Dazu<br \/>\ngeh\u00f6rten Gr\u00f6ssen wie Mario Robau, Maxence Martin, Olivier Massart, Remy Kouakou,<br \/>\nSimon Selmon, Bachir Arar, Olivier Harouard, Pavel Sotnikov, Reto Gurt, Mario di Jorio und<br \/>\nBrowly Adjavon<\/p>\n<p>Bereits vor vielen Jahren lernte ich West Coast Swing kennen und lieben. Mit der Zeit ist der<br \/>\nEntschluss gereift, diesen Tanz in Europa intensiv zu verbreiten. Als eine der ersten<br \/>\nTanzlehrer konnte ich der europ\u00e4ischen Swing-Szene diesen Tanz vorstellen und<br \/>\nunterrichten. Es freut mich zu sehen, wie er sich inzwischen \u00fcberall verbreitet.<\/p>\n<p>Eine meiner gr\u00f6ssten St\u00e4rken ist es, Talente und Potential fr\u00fch zu erkennen, bei Bedarf zu<br \/>\nwecken und individuell zu f\u00f6rdern. Zu meinen Sch\u00fclern geh\u00f6rten unz\u00e4hlige nationale und<br \/>\ninternationale Champions (Russland, Ukraine, Bulgarien, Norwegen, Schweden, Finnland,<br \/>\nBelgien, Ungarn, Deutschland, Schweiz, \u00d6sterreich, Polen, Frankreich und Italien), Europa<br \/>\nund Weltmeister, sowie T\u00e4nzer, die inzwischen selbst zu Profis geworden sind. Als Coach<br \/>\ndurfte ich diverse Nationalmannschaften jahrelang begleiten, betreuen und grosse Erfolge<br \/>\nmit diesen feiern.<\/p>\n<p>Bei meiner Arbeit mit den Paaren versuche ich, mein Wissen optimal zu vermitteln. Um in<br \/>\nden verschiedenen Tanzrichtungen \u201eup to date\u201c zu bleiben und auch in methodischer<br \/>\nHinsicht meine Trainerkompetenzen zu erweitern, bilde ich mich konstant weiter und gehe im<br \/>\nUnterricht auch unkonventionelle Wege.<\/p>\n<p>Hier ein paar der Stationen meiner Aus- und Weiterbildungen:<\/p>\n<p>&#8211; Fachausweis Jugend- und Sport Trainer in Magglingen<br \/>\n&#8211; Coaching- und Speaker-Ausbildung bei Swiss Olympic<br \/>\n&#8211; Psychologisches und mentales Training im Sport an der Z\u00fcrcher Hochschule f\u00fcr angewandte<br \/>\nWissenschaften<br \/>\n&#8211; Mentale Trainingsformen im Spitzensport<br \/>\n&#8211; Wertungsrichter-Ausbildung bei der SRRC\/Swiss Rock\u2019n\u2019Roll Confederation<br \/>\n&#8211; Konditions &#8211; und Sportmassage<br \/>\n&#8211; Musik-Kinesiologie und Touch for Health<br \/>\n&#8211; Pantomimen-Ausbildung an der Dimitri Theater-Schule in Verscio<br \/>\n&#8211; 4 monatige Ausbildung bei meinem Mentor Buddy Schwimmer in Kalifornien<br \/>\n&#8211; Privatstunden und Kurse bei Skippy Blair, Jordan Frisbee\/Tatiana Mollmann, Ben Morris,<br \/>\nBenji Schwimmer, Mario Robau ua.<br \/>\n&#8211; Diverse Weiterbildungen als Tanzlehrerin im In- und Ausland<br \/>\n&#8211; Konstante Weiterbildung in Technik und Styling<\/p>\n<p>Meinen T\u00e4nzer\/innen biete ich eine ganzheitliche Betreuung, vom t\u00e4nzerischen und<br \/>\ntechnischen K\u00f6nnen \u00fcber die ideale Vorbereitung bis zur mentalen St\u00e4rke und moralischen<br \/>\nUnterst\u00fctzung.<\/p>\n<p>Mein Ziel ist es, f\u00fcr jede Kundin und jeden Kunden in der jeweiligen pers\u00f6nlichen Situation<br \/>\noptimale Voraussetzungen zu schaffen, ungeachtet ob diese Tanzen als Hobby betreiben,<br \/>\nShows auff\u00fchren, sich an Turnieren messen, in Formationen tanzen, sich in einer<br \/>\nNationalmannschaft behaupten, als Profis ihre Lebensgrundlage st\u00e4rken oder als<br \/>\nWertungsrichter auf dem Laufenden bleiben m\u00fcssen.<\/p>\n<p>Mein Beruf gibt mir Einblicke vor und hinter die Kulissen und das erm\u00f6glicht gezielte Eingriffe<br \/>\nund F\u00f6rderung. Dabei ist die treibende Kraft meine Freude, Menschen auszubilden und sie<br \/>\ndabei zu unterst\u00fctzen, besser, selbstbewusster und erfolgreicher zu werden.<\/p>\n","protected":false},"excerpt":{"rendered":"<p>Meine t\u00e4nzerische Laufbahn begann vor \u00fcber 30 Jahren. Sie war nicht immer direkt, aber stets aufregend und abwechslungsreich. \u00dcber Standard und Latein kam ich relativ rasch zu meiner grossen Liebe \u2013 dem Swing. Danach folgte Rock-n-Roll, Boogie Woogie, Balboa, Charleston und schliesslich West Coast Swing. W\u00e4hrend meiner Zeit als Turniert\u00e4nzerin nahm ich unter anderem mit [&hellip;]<\/p>\n","protected":false},"author":2,"featured_media":0,"parent":0,"menu_order":0,"comment_status":"closed","ping_status":"closed","template":"","meta":{"ngg_post_thumbnail":0,"footnotes":""},"class_list":["post-402","page","type-page","status-publish","hentry"],"_links":{"self":[{"href":"https:\/\/www.bodyemotion.ch\/index.php?rest_route=\/wp\/v2\/pages\/402"}],"collection":[{"href":"https:\/\/www.bodyemotion.ch\/index.php?rest_route=\/wp\/v2\/pages"}],"about":[{"href":"https:\/\/www.bodyemotion.ch\/index.php?rest_route=\/wp\/v2\/types\/page"}],"author":[{"embeddable":true,"href":"https:\/\/www.bodyemotion.ch\/index.php?rest_route=\/wp\/v2\/users\/2"}],"replies":[{"embeddable":true,"href":"https:\/\/www.bodyemotion.ch\/index.php?rest_route=%2Fwp%2Fv2%2Fcomments&post=402"}],"version-history":[{"count":39,"href":"https:\/\/www.bodyemotion.ch\/index.php?rest_route=\/wp\/v2\/pages\/402\/revisions"}],"predecessor-version":[{"id":746,"href":"https:\/\/www.bodyemotion.ch\/index.php?rest_route=\/wp\/v2\/pages\/402\/revisions\/746"}],"wp:attachment":[{"href":"https:\/\/www.bodyemotion.ch\/index.php?rest_route=%2Fwp%2Fv2%2Fmedia&parent=402"}],"curies":[{"name":"wp","href":"https:\/\/api.w.org\/{rel}","templated":true}]}}