{"id":425,"date":"2013-07-18T16:57:19","date_gmt":"2013-07-18T16:57:19","guid":{"rendered":"http:\/\/www.bodyemotion.ch\/?page_id=425"},"modified":"2015-08-11T08:58:29","modified_gmt":"2015-08-11T08:58:29","slug":"dance-referenzen","status":"publish","type":"page","link":"https:\/\/www.bodyemotion.ch\/?page_id=425","title":{"rendered":"Dance: Referenzen"},"content":{"rendered":"<div class=\"one-fourth first\">\n<\/div>\n<div class=\"one-fourth\">\n<a id=\"nodeco\" href=\".\/?page_id=425\"><span id=\"img-title\">Referenzen<\/span><\/a><br \/>\n<\/div>\n<div class=\"one-fourth\">\n<\/div>\n<div class=\"one-fourth\">\n<\/div>\n<div class=\"clear\"><\/div>\n<div class=\"one-fourth first\">\n<a href=\".\/?page_id=36\"><img loading=\"lazy\" decoding=\"async\" class=\"alignnone size-full wp-image-515\" alt=\"dance-h1-web\" src=\"http:\/\/www.bodyemotion.ch\/wordpress_1\/wp-content\/uploads\/dance-h1-web.jpg\" width=\"324\" height=\"212\" srcset=\"https:\/\/www.bodyemotion.ch\/wordpress_1\/wp-content\/uploads\/dance-h1-web.jpg 324w, https:\/\/www.bodyemotion.ch\/wordpress_1\/wp-content\/uploads\/dance-h1-web-300x196.jpg 300w\" sizes=\"(max-width: 324px) 100vw, 324px\" \/><\/a><br \/>\n<\/div>\n<div class=\"one-fourth\">\n<a href=\".\/?page_id=425\"><img loading=\"lazy\" decoding=\"async\" src=\"http:\/\/www.bodyemotion.ch\/wordpress_1\/wp-content\/uploads\/dance-h5-web.jpg\" alt=\"dance-h5-web\" width=\"326\" height=\"213\" class=\"alignnone size-full wp-image-542\" srcset=\"https:\/\/www.bodyemotion.ch\/wordpress_1\/wp-content\/uploads\/dance-h5-web.jpg 326w, https:\/\/www.bodyemotion.ch\/wordpress_1\/wp-content\/uploads\/dance-h5-web-300x196.jpg 300w\" sizes=\"(max-width: 326px) 100vw, 326px\" \/><\/a><br \/>\n<\/div>\n<div class=\"one-fourth\">\n<a id=\"nodeco\" href=\".\/?page_id=402\"><span id=\"img-title2\">Biografie<\/span><\/a><br \/>\n<a id=\"nodeco\" href=\".\/?page_id=404\"><span id=\"img-title2\">Angebot<\/span><\/a><br \/>\n<a id=\"nodeco\" href=\".\/?page_id=414\"><span id=\"img-title2\">T\u00e4nzer\u00a0&amp;\u00a0Freunde<\/span><\/a><br \/>\n<\/div>\n<div class=\"one-fourth\">\n<\/div>\n<div class=\"clear\"><\/div>\n<p><strong>Melanie Stocker<\/strong><br \/>\n\u201cThe swiss knife of human skills\u201d<br \/>\n  &#8211; Jean-Jacques Merlin<\/p>\n<hr>\n<p><strong> Mario Robau<\/strong><br \/>\nOne would think that after 31 years in the dance industry I&#8217;d seen it all. I have to say that this weekend was without a doubt the BEST workshop I&#8217;ve ever done. To share the weekend with Guitar Ray and the Gamblers was both an honor and humbling. I&#8217;ve always wanted to try to share what I hear in music with my students, and to be able to actually teach musical structure with and AMAZING band was a dream come true. These guys know their stuff and I was blessed to be able to share the stage with such incredible talent. Thank you, thank you, THANK YOU to my sister Melanie Stocker Bucher&#8230;in my opinion the most underrated instructor in all of Europe. You see things that others cannot, you sense things that others don&#8217;t recognize, and you took a chance with this workshop only to find over 80 of the best dancers\/instructors in Europe attending. To the musicians, there are no words to describe your professionalism&#8230;to bring to life different accents, different styles, and to explain how music works from the perspective of a musician brought a new lens from which to interpret music in the future. Never did I see you turn away a question or a statement, and always smiling and accommodating everyone in attendance. Thank you so much for what you gave the students, and thank you so much more for the new understanding you gave me&#8230;3 an 3 make 5! To mom and the rest of the cooking staff, your tireless work in the kitchen did not go unnoticed&#8230;I thank you for your hours of hard work feeding 80 people for two days from scratch. Finally, to those that attended&#8230;thank you for taking the leap with Melanie, Guitar Ray and the Gamblers, and me to supporting this workshop. This one will go down in memory for a lifetime&#8230;first ever musicality workshop with a live band explaining how music works&#8230;best&#8230;workshop&#8230;ever!<\/p>\n<p><img loading=\"lazy\" decoding=\"async\" src=\"http:\/\/www.bodyemotion.ch\/wordpress_1\/wp-content\/uploads\/mario-melanie-b242.jpg\" alt=\"mario-melanie-b242\" width=\"242\" height=\"377\" class=\"alignnone size-full wp-image-792\" srcset=\"https:\/\/www.bodyemotion.ch\/wordpress_1\/wp-content\/uploads\/mario-melanie-b242.jpg 242w, https:\/\/www.bodyemotion.ch\/wordpress_1\/wp-content\/uploads\/mario-melanie-b242-193x300.jpg 193w\" sizes=\"(max-width: 242px) 100vw, 242px\" \/><\/p>\n<hr>\n<p><strong>England: Simon Selmon<\/strong><\/p>\n<p>A truly great teacher and dancer, and a great person. I always enjoy working with Melanie. Her classes are fun, expertly taught and filled with great ideas and choreography. She&#8217;s great at bringing the best out of her students.<\/p>\n<p><img loading=\"lazy\" decoding=\"async\" src=\"http:\/\/www.bodyemotion.ch\/wordpress_1\/wp-content\/uploads\/selmon.jpg\" alt=\"selmon\" width=\"242\" height=\"318\" class=\"alignnone size-full wp-image-610\" srcset=\"https:\/\/www.bodyemotion.ch\/wordpress_1\/wp-content\/uploads\/selmon.jpg 242w, https:\/\/www.bodyemotion.ch\/wordpress_1\/wp-content\/uploads\/selmon-228x300.jpg 228w\" sizes=\"(max-width: 242px) 100vw, 242px\" \/><\/p>\n<hr>\n<p><strong>France, Strasbourg: Uta Bardenhorst<\/strong><\/p>\n<p>Pour nous, elle fait partie des meilleurs enseignants de West Coast Swing en Europe, elle est une excellente coach et tr\u00e8s forte pour d\u00e9bloquer ce qui peut nous freiner (surtout dans la t\u00eate ;)) dans l&#8217;expression de notre danse. <\/p>\n<p><img loading=\"lazy\" decoding=\"async\" src=\"http:\/\/www.bodyemotion.ch\/wordpress_1\/wp-content\/uploads\/uta-150x150.jpg\" alt=\"Uta Bardenhorst\" width=\"150\" height=\"150\" class=\"alignnone size-thumbnail wp-image-716\" \/><\/p>\n<hr>\n<p><strong>Amerika (USA): Joanne Harrold<\/strong><\/p>\n<p>Performance is an art form that you have mastered. You have been a great teacher in helping me and my partners to improve our showmanship.<br \/>\nYour trained critical eye is essential to any competitor who wishes to improve.<br \/>\nThank you Melanie,<br \/>\nJoanne<\/p>\n<p><img loading=\"lazy\" decoding=\"async\" src=\"http:\/\/www.bodyemotion.ch\/wordpress_1\/wp-content\/uploads\/harrold.jpg\" alt=\"harrold\" width=\"226\" height=\"318\" class=\"alignnone size-full wp-image-611\" srcset=\"https:\/\/www.bodyemotion.ch\/wordpress_1\/wp-content\/uploads\/harrold.jpg 226w, https:\/\/www.bodyemotion.ch\/wordpress_1\/wp-content\/uploads\/harrold-213x300.jpg 213w\" sizes=\"(max-width: 226px) 100vw, 226px\" \/><\/p>\n<hr>\n<p><strong>Belgien: Fabrice und Nathalie Carnevale<\/strong><\/p>\n<p>Grazie Melanie!<\/p>\n<p><img loading=\"lazy\" decoding=\"async\" src=\"http:\/\/www.bodyemotion.ch\/wordpress_1\/wp-content\/uploads\/canevale.jpg\" alt=\"canevale\" width=\"424\" height=\"340\" class=\"alignnone size-full wp-image-594\" srcset=\"https:\/\/www.bodyemotion.ch\/wordpress_1\/wp-content\/uploads\/canevale.jpg 424w, https:\/\/www.bodyemotion.ch\/wordpress_1\/wp-content\/uploads\/canevale-300x240.jpg 300w\" sizes=\"(max-width: 424px) 100vw, 424px\" \/><\/p>\n<hr>\n<p><strong>Frankreich: Guillaume Faure und Sindy Dumont<\/strong><\/p>\n<p>We can say that we enjoy every training with you. It mix both technical and artistic elements and it is so interesting. Besides it&#8217;s so pleasant to work with you. You are a lovely teacher because we can work hard and learn a lot of things but always with fun.<\/p>\n<p><img loading=\"lazy\" decoding=\"async\" src=\"http:\/\/www.bodyemotion.ch\/wordpress_1\/wp-content\/uploads\/dumont.jpg\" alt=\"dumont\" width=\"424\" height=\"318\" class=\"alignnone size-full wp-image-595\" srcset=\"https:\/\/www.bodyemotion.ch\/wordpress_1\/wp-content\/uploads\/dumont.jpg 424w, https:\/\/www.bodyemotion.ch\/wordpress_1\/wp-content\/uploads\/dumont-300x224.jpg 300w\" sizes=\"(max-width: 424px) 100vw, 424px\" \/><\/p>\n<hr>\n<p><strong>Deutschland: Formation Boogie@Motion<\/strong><\/p>\n<p>Liebe Melie,<br \/>\nvielen Dank f\u00fcr Deine Unerst\u00fctzung bei der Konzeption unserer Choreografie \u201eFeel the Rhythm\u201c und besonders bei der Musikinterpretation.<br \/>\nDu hast uns eine neue, spannende Art des Formationstanzens aufgezeigt und wir werden auch k\u00fcnftig mit Begeisterung Deine innovativen Impulse zur t\u00e4nzerischen Darbietung einarbeiten.<\/p>\n<p>Boogie@Motion, RRC Golden Fifties Karlsruhe<\/p>\n<p><img loading=\"lazy\" decoding=\"async\" src=\"http:\/\/www.bodyemotion.ch\/wordpress_1\/wp-content\/uploads\/formation_bogiemotion.jpg\" alt=\"formation_bogiemotion\" width=\"424\" height=\"294\" class=\"alignnone size-full wp-image-596\" srcset=\"https:\/\/www.bodyemotion.ch\/wordpress_1\/wp-content\/uploads\/formation_bogiemotion.jpg 424w, https:\/\/www.bodyemotion.ch\/wordpress_1\/wp-content\/uploads\/formation_bogiemotion-300x208.jpg 300w\" sizes=\"(max-width: 424px) 100vw, 424px\" \/><\/p>\n<hr>\n<p><strong>Frankreich: Formation Swing it! French<\/strong><\/p>\n<p>Merci pour le dynamisme que tu as apport\u00e9 au groupe ainsi que la bonne humeur. Merci d\u2019avoir entrain\u00e9 la formation.<br \/>\nDes moments innoubliables avec M\u00e9lanie lors de la pr\u00e9paration de Championnat du Monde, m\u00eame si nous n&#8217;avons pas \u00e9t\u00e9 1er, c&#8217;est gr\u00e2ce \u00e0 elle que nous le sommes dans nos coeurs, ces \u00e9motions et ce souvenir personne ne pourra nous l&#8217;enlever!<br \/>\nSwing it!<\/p>\n<p><img loading=\"lazy\" decoding=\"async\" src=\"http:\/\/www.bodyemotion.ch\/wordpress_1\/wp-content\/uploads\/formation_french.jpg\" alt=\"formation_french\" width=\"424\" height=\"318\" class=\"alignnone size-full wp-image-597\" srcset=\"https:\/\/www.bodyemotion.ch\/wordpress_1\/wp-content\/uploads\/formation_french.jpg 424w, https:\/\/www.bodyemotion.ch\/wordpress_1\/wp-content\/uploads\/formation_french-300x224.jpg 300w\" sizes=\"(max-width: 424px) 100vw, 424px\" \/><\/p>\n<hr>\n<p><strong>Frankreich: Formation Rocking Roses<\/strong><\/p>\n<p>Merci \u00e0 toi M\u00e9lanie, pour tout ce travail, ce professionalisme et cette gentillesse que tu as offert \u00e0 notre club de danse.<br \/>\nNous te devons notre place de 10e au championnat du monde.<br \/>\nVal\u00e9rie<\/p>\n<p><img loading=\"lazy\" decoding=\"async\" src=\"http:\/\/www.bodyemotion.ch\/wordpress_1\/wp-content\/uploads\/formation_roses.jpg\" alt=\"formation_roses\" width=\"424\" height=\"283\" class=\"alignnone size-full wp-image-598\" srcset=\"https:\/\/www.bodyemotion.ch\/wordpress_1\/wp-content\/uploads\/formation_roses.jpg 424w, https:\/\/www.bodyemotion.ch\/wordpress_1\/wp-content\/uploads\/formation_roses-300x200.jpg 300w\" sizes=\"(max-width: 424px) 100vw, 424px\" \/><\/p>\n<hr>\n<p><strong>Deutschland: Karl-Heinz Stahl und Doris Ottenritter<\/strong><\/p>\n<p>Bei Melanie zu trainieren ist ein Muss f\u00fcr jeden ambitionierten Boogie T\u00e4nzer. Sie hat uns \u00fcber Jahre hinweg aufgezeigt, wie wir unsere St\u00e4rken auf- und unsere Schw\u00e4chen abbauen k\u00f6nnen und dies nicht nur in der Tanztechnik, sondern auch in der mentalen Einstellung.<\/p>\n<p><img loading=\"lazy\" decoding=\"async\" src=\"http:\/\/www.bodyemotion.ch\/wordpress_1\/wp-content\/uploads\/ottenritter.jpg\" alt=\"ottenritter\" width=\"424\" height=\"296\" class=\"alignnone size-full wp-image-600\" srcset=\"https:\/\/www.bodyemotion.ch\/wordpress_1\/wp-content\/uploads\/ottenritter.jpg 424w, https:\/\/www.bodyemotion.ch\/wordpress_1\/wp-content\/uploads\/ottenritter-300x209.jpg 300w\" sizes=\"(max-width: 424px) 100vw, 424px\" \/><\/p>\n<hr>\n<p><strong>Finnland\/England: Taina Kortelainen<\/strong><\/p>\n<p>I have worked together with Melanie on creating jazz routines; defining the basic elements and building blocks in different dances for teaching purposes; and creating a manual for training dance teachers in their teaching methods.<\/p>\n<p>I find that Melanie is absolutely dedicated to finding new ways to inspire dancers regardless of them being beginners, advanced, competitors or teachers. What makes her a teacher above others is her endless motivation to learn more and a need to gain deeper understanding in order to be able to share her knowledge with her students!<\/p>\n<p><img loading=\"lazy\" decoding=\"async\" src=\"http:\/\/www.bodyemotion.ch\/wordpress_1\/wp-content\/uploads\/tainahc.jpg\" alt=\"tainahc\" width=\"424\" height=\"318\" class=\"alignnone size-full wp-image-623\" srcset=\"https:\/\/www.bodyemotion.ch\/wordpress_1\/wp-content\/uploads\/tainahc.jpg 424w, https:\/\/www.bodyemotion.ch\/wordpress_1\/wp-content\/uploads\/tainahc-300x224.jpg 300w\" sizes=\"(max-width: 424px) 100vw, 424px\" \/><\/p>\n<hr>\n<p><strong>Norway: Ingrid Barman and Marie Barman Sveen<\/strong><\/p>\n<p>Melanie is a great teacher and choreographer who can see the small details and makes highlights out of nothing. She is very dedicated to her work, and gives a lot of herself, both in dance and socially. She is a person you easily like. You feel comfortably aroand her, and she is a very highly qualified professional teacher.<br \/>\nWe are very grateful to have had the opportunity to work with her, and can highly recommend this lovely lady to everyone.<\/p>\n<p><img loading=\"lazy\" decoding=\"async\" src=\"http:\/\/www.bodyemotion.ch\/wordpress_1\/wp-content\/uploads\/ingrid_marie.jpg\" alt=\"ingrid_marie\" width=\"248\" height=\"318\" class=\"alignnone size-full wp-image-624\" srcset=\"https:\/\/www.bodyemotion.ch\/wordpress_1\/wp-content\/uploads\/ingrid_marie.jpg 248w, https:\/\/www.bodyemotion.ch\/wordpress_1\/wp-content\/uploads\/ingrid_marie-233x300.jpg 233w\" sizes=\"(max-width: 248px) 100vw, 248px\" \/><\/p>\n<hr>\n<p><strong>Norway: J\u00f6rgen B. Sandnes and Aina Nygaard<\/strong><\/p>\n<p>We are very lucky to have had the chance to work with M\u00e9lanie.<br \/>\nShe has been very important for us as Boogie Woogie dancers.<br \/>\nM\u00e9lanie has detailed knowledge of the dance, and she has excellent skills as a coach and a motivator. Without her help we would not have had the success we are experiencing right now.<\/p>\n<p><img loading=\"lazy\" decoding=\"async\" src=\"http:\/\/www.bodyemotion.ch\/wordpress_1\/wp-content\/uploads\/aina_jorgen.jpg\" alt=\"aina_jorgen\" width=\"424\" height=\"282\" class=\"alignnone size-full wp-image-625\" srcset=\"https:\/\/www.bodyemotion.ch\/wordpress_1\/wp-content\/uploads\/aina_jorgen.jpg 424w, https:\/\/www.bodyemotion.ch\/wordpress_1\/wp-content\/uploads\/aina_jorgen-300x199.jpg 300w\" sizes=\"(max-width: 424px) 100vw, 424px\" \/><\/p>\n<hr>\n<p><strong>Norway: Rolf Aastvedt and Heidi Hartvigsen<\/strong><\/p>\n<p>Melanie is an instructor whom is very open when it comes to different<br \/>\ndance styles. She gets the best out of every couple she works with, and has<br \/>\na very clear idea about what is good dancing. She is very inventive and shows herself from the very best always.<br \/>\nShe is serious, honest and sincere.<\/p>\n<p><img loading=\"lazy\" decoding=\"async\" src=\"http:\/\/www.bodyemotion.ch\/wordpress_1\/wp-content\/uploads\/heidi_rolf.jpg\" alt=\"heidi_rolf\" width=\"424\" height=\"318\" class=\"alignnone size-full wp-image-626\" srcset=\"https:\/\/www.bodyemotion.ch\/wordpress_1\/wp-content\/uploads\/heidi_rolf.jpg 424w, https:\/\/www.bodyemotion.ch\/wordpress_1\/wp-content\/uploads\/heidi_rolf-300x224.jpg 300w\" sizes=\"(max-width: 424px) 100vw, 424px\" \/><\/p>\n<hr>\n<p><strong>Austria: Markus Kakuska und Jessica Kaiser, Manuel Holzapfel &#038; Katharina Holzer, Maxi Bartos und Chrissi Wogritsch<\/strong><\/p>\n<p>Wir f\u00fchlen uns geehrt, uns zu denjenigen zu z\u00e4hlen, die du intensiv im Privattraining betreust! Wir m\u00f6chten uns herzlich bei dir bedanken und zwar nicht nur f\u00fcr die tollen Tips und Tricks, die du uns gibst, sondern auch f\u00fcr die Inspiration, die du f\u00fcr uns bist. und das du immer ein Ohr f\u00fcr alles hat wenn man es braucht.<br \/>\nMaxi &#038; Chrissi, Manuel &#038; Kathi, Markus &#038; Jessy<\/p>\n<p><img loading=\"lazy\" decoding=\"async\" src=\"http:\/\/www.bodyemotion.ch\/wordpress_1\/wp-content\/uploads\/oesterreicher.jpg\" alt=\"oesterreicher\" width=\"316\" height=\"318\" class=\"alignnone size-full wp-image-627\" srcset=\"https:\/\/www.bodyemotion.ch\/wordpress_1\/wp-content\/uploads\/oesterreicher.jpg 316w, https:\/\/www.bodyemotion.ch\/wordpress_1\/wp-content\/uploads\/oesterreicher-150x150.jpg 150w, https:\/\/www.bodyemotion.ch\/wordpress_1\/wp-content\/uploads\/oesterreicher-298x300.jpg 298w\" sizes=\"(max-width: 316px) 100vw, 316px\" \/><\/p>\n<hr>\n<p><strong>Russia: Max and Katerina Sheremeta<\/strong><\/p>\n<p>I want to say THANK YOU!!! for everything!!! You are a very good<br \/>\nperson, teacher and friend. As I&#8217;ve told you &#8211; with you I began to<br \/>\ndance. You were very kind and made me believe that I can dance! Your<br \/>\nclasses were really useful to me. I can&#8217;t wait to see you in Moscow again.<\/p>\n<p>Love,<br \/>\nKaterina<\/p>\n<p><img loading=\"lazy\" decoding=\"async\" src=\"http:\/\/www.bodyemotion.ch\/wordpress_1\/wp-content\/uploads\/katerina_max.jpg\" alt=\"katerina_max\" width=\"424\" height=\"318\" class=\"alignnone size-full wp-image-630\" srcset=\"https:\/\/www.bodyemotion.ch\/wordpress_1\/wp-content\/uploads\/katerina_max.jpg 424w, https:\/\/www.bodyemotion.ch\/wordpress_1\/wp-content\/uploads\/katerina_max-300x224.jpg 300w\" sizes=\"(max-width: 424px) 100vw, 424px\" \/><\/p>\n<hr>\n<p><strong>Switzerland: Francesco Secchi and Sonja Emch<\/strong><\/p>\n<p>Wir sind begeistert von der Art und Weise wie Du Dein t\u00e4nzerisches Wissen vermitteln kannst. Somit haben wir schon manchen Knopf l\u00f6sen k\u00f6nnen.<br \/>\nDein Unterricht ist super lehrreich und macht uns immer wieder grossen Spass.<br \/>\nWir k\u00f6nnen nur sagen, lasst Euch vom MELIE-VIRUS infizieren<br \/>\nHerzlichen Dank Melie!<\/p>\n<p>In dem Sinn: Let\u2019s do Boogie Woogie!<\/p>\n<p><img loading=\"lazy\" decoding=\"async\" src=\"http:\/\/www.bodyemotion.ch\/wordpress_1\/wp-content\/uploads\/francesco_sonja.jpg\" alt=\"francesco_sonja\" width=\"424\" height=\"318\" class=\"alignnone size-full wp-image-632\" srcset=\"https:\/\/www.bodyemotion.ch\/wordpress_1\/wp-content\/uploads\/francesco_sonja.jpg 424w, https:\/\/www.bodyemotion.ch\/wordpress_1\/wp-content\/uploads\/francesco_sonja-300x224.jpg 300w\" sizes=\"(max-width: 424px) 100vw, 424px\" \/><\/p>\n<hr>\n<p><strong>Ukraine: Ivan Katrunov and Zanochkina<\/strong><\/p>\n<p>Melanie Stocker &#8211; the best trainer, dancer, mother of boogie-woogie in the hole World. Thanks God for meeting you in our Life. After this meeting we start new dancing life, which is more interesting and much better. Your lessons are great, your knowledge incredibly high and useful for your students. Thank you dear Melanie.<\/p>\n<p>Ivan and Zhanna<\/p>\n<p><img loading=\"lazy\" decoding=\"async\" src=\"http:\/\/www.bodyemotion.ch\/wordpress_1\/wp-content\/uploads\/ivan_zhanna.jpg\" alt=\"ivan_zhanna\" width=\"313\" height=\"318\" class=\"alignnone size-full wp-image-634\" srcset=\"https:\/\/www.bodyemotion.ch\/wordpress_1\/wp-content\/uploads\/ivan_zhanna.jpg 313w, https:\/\/www.bodyemotion.ch\/wordpress_1\/wp-content\/uploads\/ivan_zhanna-295x300.jpg 295w\" sizes=\"(max-width: 313px) 100vw, 313px\" \/><\/p>\n<hr>\n<p><strong>Hungary: Adam Balasy and Rita Jori<\/strong><\/p>\n<p>Very few teachers know the secret, why a lead, a figure or movement truly works. Melanie not just knows it, but she is also capable to transfer this knowledge in many different ways. We thank her a lot in West Coast Swing! Thank you Melanie!<\/p>\n<p><img loading=\"lazy\" decoding=\"async\" src=\"http:\/\/www.bodyemotion.ch\/wordpress_1\/wp-content\/uploads\/adam_rita.jpg\" alt=\"adam_rita\" width=\"214\" height=\"318\" class=\"alignnone size-full wp-image-635\" srcset=\"https:\/\/www.bodyemotion.ch\/wordpress_1\/wp-content\/uploads\/adam_rita.jpg 214w, https:\/\/www.bodyemotion.ch\/wordpress_1\/wp-content\/uploads\/adam_rita-201x300.jpg 201w\" sizes=\"(max-width: 214px) 100vw, 214px\" \/><\/p>\n<hr>\n<p><strong>Hungary: Gabor Buzalka and Dora Landherr <\/strong><\/p>\n<p>It is thanks to Melanie and Reto that I became fond of Boogie-Woogie and left Rock&#038;Roll in favour of BW. I admired the way how they were entertaining the audience with their easy-flowing, playful dance. I would have never thought that some day our luck would put us in touch with Melanie, and taking a couple of private lessons from her we could learn more than from all our teachers put together during our career of many years.<br \/>\nThis lady really knows something&#8230;;-)<\/p>\n<p><img loading=\"lazy\" decoding=\"async\" src=\"http:\/\/www.bodyemotion.ch\/wordpress_1\/wp-content\/uploads\/dora_gabor.jpg\" alt=\"dora_gabor\" width=\"253\" height=\"318\" class=\"alignnone size-full wp-image-636\" srcset=\"https:\/\/www.bodyemotion.ch\/wordpress_1\/wp-content\/uploads\/dora_gabor.jpg 253w, https:\/\/www.bodyemotion.ch\/wordpress_1\/wp-content\/uploads\/dora_gabor-238x300.jpg 238w\" sizes=\"(max-width: 253px) 100vw, 253px\" \/><\/p>\n<p><span id=\"#content_text\"><\/span><\/p>\n<\/div>\n","protected":false},"excerpt":{"rendered":"<p>Melanie Stocker \u201cThe swiss knife of human skills\u201d &#8211; Jean-Jacques Merlin Mario Robau One would think that after 31 years in the dance industry I&#8217;d seen it all. I have to say that this weekend was without a doubt the BEST workshop I&#8217;ve ever done. To share the weekend with Guitar Ray and the Gamblers [&hellip;]<\/p>\n","protected":false},"author":2,"featured_media":0,"parent":0,"menu_order":0,"comment_status":"closed","ping_status":"closed","template":"","meta":{"ngg_post_thumbnail":0,"footnotes":""},"class_list":["post-425","page","type-page","status-publish","hentry"],"_links":{"self":[{"href":"https:\/\/www.bodyemotion.ch\/index.php?rest_route=\/wp\/v2\/pages\/425"}],"collection":[{"href":"https:\/\/www.bodyemotion.ch\/index.php?rest_route=\/wp\/v2\/pages"}],"about":[{"href":"https:\/\/www.bodyemotion.ch\/index.php?rest_route=\/wp\/v2\/types\/page"}],"author":[{"embeddable":true,"href":"https:\/\/www.bodyemotion.ch\/index.php?rest_route=\/wp\/v2\/users\/2"}],"replies":[{"embeddable":true,"href":"https:\/\/www.bodyemotion.ch\/index.php?rest_route=%2Fwp%2Fv2%2Fcomments&post=425"}],"version-history":[{"count":14,"href":"https:\/\/www.bodyemotion.ch\/index.php?rest_route=\/wp\/v2\/pages\/425\/revisions"}],"predecessor-version":[{"id":793,"href":"https:\/\/www.bodyemotion.ch\/index.php?rest_route=\/wp\/v2\/pages\/425\/revisions\/793"}],"wp:attachment":[{"href":"https:\/\/www.bodyemotion.ch\/index.php?rest_route=%2Fwp%2Fv2%2Fmedia&parent=425"}],"curies":[{"name":"wp","href":"https:\/\/api.w.org\/{rel}","templated":true}]}}